{"id":18,"date":"2014-02-12T08:14:18","date_gmt":"2014-02-12T08:14:18","guid":{"rendered":"http:\/\/drauvelita.lt\/?page_id=18"},"modified":"2019-02-12T11:30:04","modified_gmt":"2019-02-12T09:30:04","slug":"atsitikus-ivykiui","status":"publish","type":"page","link":"https:\/\/drauvelita.lt\/?page_id=18","title":{"rendered":"Atsitikus \u012fvykiui"},"content":{"rendered":"<p style=\"text-align: justify;\"><strong>K\u0105 daryti atsitikus eismo ivykiui? <\/strong><\/p>\n<p style=\"text-align: justify;\">Pirmiausiai turite i\u0161likti ram\u016bs ir privalote imtis prieinam\u0173 proting\u0173 priemoni\u0173 galimai \u017ealai suma\u017einti, imtis vis\u0173 reikiam\u0173 priemoni\u0173, kad b\u016bt\u0173 suteikta medicinos pagalba nukent\u0117jusiesiems, pagal galimybes apsaugoti nukent\u0117jusi\u0173j\u0173 turt\u0105, taip pat turite apie tai informuoti atitinkamas institucijas: policij\u0105, prie\u0161gaisrin\u0119 apsaug\u0105, avarin\u0119 tarnyb\u0105, jei reikia, greit\u0105j\u0105 pagalb\u0105. Pateikti kitiems eismo \u012fvykio dalyviams informacij\u0105, b\u016btin\u0105 draudikui nustatyti.<\/p>\n<p style=\"text-align: justify;\"><strong>Kada \u012f eismo \u012fvyk\u012f nereikia kviesti policijos<\/strong><\/p>\n<p style=\"text-align: justify;\">Nuo 2008 m. baland\u017eio 9 d. \u012fsigaliojo Keli\u0173 eismo taisykli\u0173 nuostatos d\u0117l policijos nekvietimo. Lietuvos Respublikos Vyriausyb\u0117s 2008 m. kovo 20 d. Nr. 275 (\u017din. 2008, Nr. 40-1456) pakeistas  KET skyrius \u201eEismo dalyvi\u0173 pareigos \u012fvykus eismo \u012fvykiui&#8221;. Pagal jas eismo \u012fvykio dalyviai privalo kviesti policij\u0105, jei:<br \/>\n&#8211; eismo \u012fvykyje \u017euvo ar buvo su\u017ealoti \u017emon\u0117s;<br \/>\n&#8211; eismo \u012fvykyje dalyvavo daugiau nei dvi transporto priemon\u0117s;<br \/>\n&#8211; buvo apgadintas turtas, kurio savininko \u012fvykio vietoje n\u0117ra (pvz., kelkra\u0161tyje stovintis automobilis, elektros stulpas ir pan.);<br \/>\n&#8211; bent vienas i\u0161 \u012fvykio dalyvi\u0173 yra neblaivus ar apsvaig\u0119s nuo narkotini\u0173 med\u017eiag\u0173;<br \/>\n&#8211; eismo \u012fvykio dalyviai nesutaria d\u0117l eismo \u012fvykio aplinkybi\u0173, nepasira\u0161o eismo \u012fvykio deklaracijos.<br \/>\nAtsitikus papras\u010diausiam  eismo \u012fvykiui, kai vairuotojams \u012fvykio aplinkyb\u0117s yra visi\u0161kai ai\u0161kios ir jie sutaria d\u0117l to, kas yra eismo \u012fvykio kaltininkas, reikia u\u017epildyti eismo \u012fvykio deklaracij\u0105 ir abiems j\u0105 pasira\u0161yti. Jei esate eismo \u012fvykio kaltininkas, privalote per 3 darbo dienas nuo eismo \u012fvykio dienos ra\u0161tu prane\u0161ti draudikui, apdraudusiam j\u016bs\u0173 civilin\u0119 atsakomyb\u0119, apie eismo \u012fvyk\u012f, d\u0117l kurio j\u016bs esate atsakingas.<br \/>\nJei kuris  i\u0161 eismo dalyvi\u0173 buvo apsidraud\u0119s KASKO draudimu &#8211; \u012f savo draudimo bendrov\u0119 tur\u0117t\u0173 kreiptis per tiek dien\u0173, kiek reikalauja konkre\u010dios draudimo bendrov\u0117s KASKO draudimo taisykl\u0117s.<br \/>\nJei \u012fvyko draudiminis \u012fvykis, nepriskiriamas avarijai, \u012fvairi\u0173 draudimo bendrovi\u0173 KASKO taisykl\u0117s numato atvejus, kada nereikia apie \u012fvyk\u012f prane\u0161ti valstybin\u0117ms institucijoms. Pvz. jei draud\u017eiamojo \u012fvykio metu padaryta \u017eala nevir\u0161ija  1448 eur\u0173 prane\u0161ti oficialioms institucijoms nereikalauja:  &#8220;Lietuvos draudimas&#8221;, &#8220;IF&#8221;, &#8220;ERGO&#8221;, &#8220;Gjensidige&#8221;. Iki 868 \u20ac nereikalauja prane\u0161ti &#8220;SEESAM&#8221;.<br \/>\nDraudimo bendrovi\u0173 pagalbos telefonai:<\/p>\n<p style=\"text-align: justify;\">LIETUVOS DRAUDIMAS, AB &#8211; 1828<br \/>\nERGO Insurance SE Lietuvos filialas &#8211; 1887<br \/>\nGJENSIDIGE, ADB &#8211; 1626<br \/>\nIf P&amp;C Insurance AS filialas &#8211; 1620<br \/>\nBTA Baltic Insurance Company, AAS filialas Lietuvoje &#8211; 8 5 260 06 00<br \/>\nSEESAM Insurance AS Lietuvos filialas &#8211; 8 700 77777<br \/>\nCOMPENSA Vienna Insurance group, ADB &#8211; 19111<\/p>\n","protected":false},"excerpt":{"rendered":"<p>K\u0105 daryti atsitikus eismo ivykiui? Pirmiausiai turite i\u0161likti ram\u016bs ir privalote imtis prieinam\u0173 proting\u0173 priemoni\u0173 galimai \u017ealai suma\u017einti, imtis vis\u0173 reikiam\u0173 priemoni\u0173, kad b\u016bt\u0173 suteikta medicinos pagalba nukent\u0117jusiesiems, pagal galimybes apsaugoti nukent\u0117jusi\u0173j\u0173 turt\u0105, taip pat turite apie tai informuoti atitinkamas institucijas: policij\u0105, prie\u0161gaisrin\u0119 apsaug\u0105, avarin\u0119 tarnyb\u0105, jei reikia, greit\u0105j\u0105 pagalb\u0105. Pateikti kitiems eismo \u012fvykio dalyviams [&hellip;]<\/p>\n","protected":false},"author":1,"featured_media":0,"parent":0,"menu_order":0,"comment_status":"closed","ping_status":"open","template":"","meta":{"footnotes":""},"class_list":["post-18","page","type-page","status-publish","hentry"],"_links":{"self":[{"href":"https:\/\/drauvelita.lt\/index.php?rest_route=\/wp\/v2\/pages\/18","targetHints":{"allow":["GET"]}}],"collection":[{"href":"https:\/\/drauvelita.lt\/index.php?rest_route=\/wp\/v2\/pages"}],"about":[{"href":"https:\/\/drauvelita.lt\/index.php?rest_route=\/wp\/v2\/types\/page"}],"author":[{"embeddable":true,"href":"https:\/\/drauvelita.lt\/index.php?rest_route=\/wp\/v2\/users\/1"}],"replies":[{"embeddable":true,"href":"https:\/\/drauvelita.lt\/index.php?rest_route=%2Fwp%2Fv2%2Fcomments&post=18"}],"version-history":[{"count":7,"href":"https:\/\/drauvelita.lt\/index.php?rest_route=\/wp\/v2\/pages\/18\/revisions"}],"predecessor-version":[{"id":162,"href":"https:\/\/drauvelita.lt\/index.php?rest_route=\/wp\/v2\/pages\/18\/revisions\/162"}],"wp:attachment":[{"href":"https:\/\/drauvelita.lt\/index.php?rest_route=%2Fwp%2Fv2%2Fmedia&parent=18"}],"curies":[{"name":"wp","href":"https:\/\/api.w.org\/{rel}","templated":true}]}}