{"id":6,"date":"2014-02-12T07:23:17","date_gmt":"2014-02-12T07:23:17","guid":{"rendered":"http:\/\/drauvelita.lt\/?page_id=6"},"modified":"2014-02-26T14:59:22","modified_gmt":"2014-02-26T12:59:22","slug":"apie-mus","status":"publish","type":"page","link":"https:\/\/drauvelita.lt\/?page_id=6","title":{"rendered":"Apie mus"},"content":{"rendered":"<p style=\"text-align: justify;\">\n\tUADBB &quot;Drauvelita&quot; yra nepriklausom\u0173 draudimo tarpinink\u0173 bendrov\u0117, turinti teis\u0119 vykdyti draudimo tarpininkavimo veikl\u0105 draud\u0117jo, apdraustojo, naudos gav\u0117jo, nukent\u0117jusiojo tre\u010diojo asmens arba draudiko pavedimu. \u012emon\u0117je dirba specialistai, turintys didel\u0119 patirt\u012f draudimo srityje.\n<\/p>\n<p style=\"text-align: justify;\">\n\tVykdydami LR Draudimo prie\u017ei\u016bros komisijos (toliau &#8211; DPK, dabar &scaron;ias funkcijas atlieka Lietuvos bankas &#8211; www.lbank.lt) 2011.02.22 nutarim\u0105 Nr.N-69, prane&scaron;ame, kad:&nbsp;<br \/>\n\t1. UADBB &quot;Drauvelita&quot;, buvein\u0117s adresas: Ukmerg\u0117s g.298A-1, Vilnius, yra \u012fregistruota V\u012e &quot;Registr\u0173 centras&quot; tvarkomame LR Juridini\u0173 asmen\u0173 registre, www.registrucentras.lt\/jar\/.<br \/>\n\t2. UADBB &quot;Drauvelita&quot; yra \u012fra&scaron;yta \u012f draudimo brokeri\u0173 \u012fmoni\u0173 s\u0105ra&scaron;\u0105, skelbiam\u0105 DPK interneto svetain\u0117je http:\/\/www.lbank.lt\/draudimo_tarpininkai&nbsp;.&nbsp;<br \/>\n\t3. UADBB &quot;Drauvelita&quot; nei tiesiogiai, nei netiesiogiai neturi kit\u0173 \u012fmoni\u0173 akcij\u0173 ar kitoki\u0173 kapitalo dali\u0173. Jokia \u012fmon\u0117 nei tiesiogiai nei netiesiogiai neturi UADBB &quot;Drauvelita&quot; akcij\u0173 ar kitoki\u0173 kapitalo dali\u0173.&nbsp;<br \/>\n\t4. UADBB &quot;Drauvelita&quot; konsultuoja kaip nepriklausomas draudimo tarpininkas, vykdantis draudimo tarpininkavimo veikl\u0105 draud\u0117jo, apdraustojo, naudos gav\u0117jo ar nukent\u0117jusio tre\u010diojo asmens, t. y. kliento pavedimu.&nbsp;<br \/>\n\t5 .Skundai d\u0117l draudimo brokerio veiklos ir profesin\u0117s etikos pa\u017eeidim\u0173 neteismine tvarka nagrin\u0117jami Draudimo brokeri\u0173 r\u016bmuose (daugiau informacijos www.dbr.lt).&nbsp;<br \/>\n\t6. Atitinkantis LR Draudimo \u012fstatymo 207 str. 1 d. nustatytus reikalavimus vartotojas gin\u010do i&scaron; draudimo sutartini\u0173 santyki\u0173 atveju turi teis\u0119 kreiptis \u012f DPK, jei prie&scaron; tai ra&scaron;tu kreip\u0117si \u012f draudik\u0105 (daugiau informacijos www.lbank.lt).&nbsp;<br \/>\n\t7. Apie i&scaron; esm\u0117s pasikeitusias draudimo sutartyje numatytas aplinkybes, d\u0117l kuri\u0173 padid\u0117ja arba gali padid\u0117ti draudimo rizika, draud\u0117jas nedelsiant privalo prane&scaron;ti draudikui, kuris tokiu atveju turi teis\u0119 pakeisti draudimo s\u0105lygas. Neprane&scaron;us draudikui, jis turi teis\u0119 reikalauti nutraukti sutart\u012f ir atlyginti nuostolius tiek, kiek j\u0173 nepadengia gautos draudimo \u012fmokos. Draud\u0117jui nevykdant arba netinkamai vykdant savo pareigas, draudikas atitinkamais atvejais gali ma\u017einti draudimo i&scaron;mokos dyd\u012f arba viena&scaron;ali&scaron;kai nutraukti draudimo sutart\u012f.<br \/>\n\t8. Sudaromoms draudimo sutartims taikoma Lietuvos Respublikos teis\u0117.<\/p>\n","protected":false},"excerpt":{"rendered":"<p>UADBB &quot;Drauvelita&quot; yra nepriklausom\u0173 draudimo tarpinink\u0173 bendrov\u0117, turinti teis\u0119 vykdyti draudimo tarpininkavimo veikl\u0105 draud\u0117jo, apdraustojo, naudos gav\u0117jo, nukent\u0117jusiojo tre\u010diojo asmens arba draudiko pavedimu. \u012emon\u0117je dirba specialistai, turintys didel\u0119 patirt\u012f draudimo srityje. Vykdydami LR Draudimo prie\u017ei\u016bros komisijos (toliau &#8211; DPK, dabar &scaron;ias funkcijas atlieka Lietuvos bankas &#8211; www.lbank.lt) 2011.02.22 nutarim\u0105 Nr.N-69, prane&scaron;ame, kad:&nbsp; 1. UADBB &quot;Drauvelita&quot;, [&hellip;]<\/p>\n","protected":false},"author":1,"featured_media":0,"parent":0,"menu_order":0,"comment_status":"closed","ping_status":"closed","template":"","meta":{"footnotes":""},"class_list":["post-6","page","type-page","status-publish","hentry"],"_links":{"self":[{"href":"https:\/\/drauvelita.lt\/index.php?rest_route=\/wp\/v2\/pages\/6","targetHints":{"allow":["GET"]}}],"collection":[{"href":"https:\/\/drauvelita.lt\/index.php?rest_route=\/wp\/v2\/pages"}],"about":[{"href":"https:\/\/drauvelita.lt\/index.php?rest_route=\/wp\/v2\/types\/page"}],"author":[{"embeddable":true,"href":"https:\/\/drauvelita.lt\/index.php?rest_route=\/wp\/v2\/users\/1"}],"replies":[{"embeddable":true,"href":"https:\/\/drauvelita.lt\/index.php?rest_route=%2Fwp%2Fv2%2Fcomments&post=6"}],"version-history":[{"count":12,"href":"https:\/\/drauvelita.lt\/index.php?rest_route=\/wp\/v2\/pages\/6\/revisions"}],"predecessor-version":[{"id":117,"href":"https:\/\/drauvelita.lt\/index.php?rest_route=\/wp\/v2\/pages\/6\/revisions\/117"}],"wp:attachment":[{"href":"https:\/\/drauvelita.lt\/index.php?rest_route=%2Fwp%2Fv2%2Fmedia&parent=6"}],"curies":[{"name":"wp","href":"https:\/\/api.w.org\/{rel}","templated":true}]}}