{"id":91,"date":"2014-02-15T20:52:30","date_gmt":"2014-02-15T18:52:30","guid":{"rendered":"http:\/\/drauvelita.lt\/?page_id=91"},"modified":"2014-02-26T14:53:06","modified_gmt":"2014-02-26T12:53:06","slug":"privatiems-asmenims","status":"publish","type":"page","link":"https:\/\/drauvelita.lt\/?page_id=91","title":{"rendered":"Privatiems"},"content":{"rendered":"<p>\n\t<strong>Teikiame &scaron;ias paslaugas privatiems asmenims:<\/strong>\n<\/p>\n<ul>\n<li>\n\t\tKelioni\u0173 draudimas;\n\t<\/li>\n<li>\n\t\tTransporto priemoni\u0173 valdytoj\u0173 civilin\u0117s atsakomyb\u0117s draudimas;\n\t<\/li>\n<li>\n\t\tTransporto priemoni\u0173 draudimas (kasko);\n\t<\/li>\n<li>\n\t\tPastat\u0173 ir turto draudimas;\n\t<\/li>\n<li>\n\t\tNelaiming\u0173 atsitikim\u0173 draudimas;\n\t<\/li>\n<li>\n\t\tAsmens civilin\u0117s atsakomyb\u0117s draudimas;\n\t<\/li>\n<li>\n\t\tU\u017esienie\u010di\u0173 gydymo i&scaron;laid\u0173 Lietuvoje draudimas;\n\t<\/li>\n<li>\n\t\tGyvyb\u0117s draudimas ir pensij\u0173 fondai.\n\t<\/li>\n<\/ul>\n","protected":false},"excerpt":{"rendered":"<p>Teikiame &scaron;ias paslaugas privatiems asmenims: Kelioni\u0173 draudimas; Transporto priemoni\u0173 valdytoj\u0173 civilin\u0117s atsakomyb\u0117s draudimas; Transporto priemoni\u0173 draudimas (kasko); Pastat\u0173 ir turto draudimas; Nelaiming\u0173 atsitikim\u0173 draudimas; Asmens civilin\u0117s atsakomyb\u0117s draudimas; U\u017esienie\u010di\u0173 gydymo i&scaron;laid\u0173 Lietuvoje draudimas; Gyvyb\u0117s draudimas ir pensij\u0173 fondai.<\/p>\n","protected":false},"author":1,"featured_media":0,"parent":0,"menu_order":0,"comment_status":"closed","ping_status":"closed","template":"","meta":{"footnotes":""},"class_list":["post-91","page","type-page","status-publish","hentry"],"_links":{"self":[{"href":"https:\/\/drauvelita.lt\/index.php?rest_route=\/wp\/v2\/pages\/91","targetHints":{"allow":["GET"]}}],"collection":[{"href":"https:\/\/drauvelita.lt\/index.php?rest_route=\/wp\/v2\/pages"}],"about":[{"href":"https:\/\/drauvelita.lt\/index.php?rest_route=\/wp\/v2\/types\/page"}],"author":[{"embeddable":true,"href":"https:\/\/drauvelita.lt\/index.php?rest_route=\/wp\/v2\/users\/1"}],"replies":[{"embeddable":true,"href":"https:\/\/drauvelita.lt\/index.php?rest_route=%2Fwp%2Fv2%2Fcomments&post=91"}],"version-history":[{"count":4,"href":"https:\/\/drauvelita.lt\/index.php?rest_route=\/wp\/v2\/pages\/91\/revisions"}],"predecessor-version":[{"id":110,"href":"https:\/\/drauvelita.lt\/index.php?rest_route=\/wp\/v2\/pages\/91\/revisions\/110"}],"wp:attachment":[{"href":"https:\/\/drauvelita.lt\/index.php?rest_route=%2Fwp%2Fv2%2Fmedia&parent=91"}],"curies":[{"name":"wp","href":"https:\/\/api.w.org\/{rel}","templated":true}]}}